{"id":1521,"date":"2023-03-31T12:52:15","date_gmt":"2023-03-31T12:52:15","guid":{"rendered":"https:\/\/record-project.eu\/?page_id=1521"},"modified":"2025-09-02T09:13:58","modified_gmt":"2025-09-02T09:13:58","slug":"partners","status":"publish","type":"page","link":"https:\/\/record-project.eu\/tr\/partners\/","title":{"rendered":"Ortaklar"},"content":{"rendered":"<h2>ORTAKLAR<\/h2>\n<p>\t\t\t\t\t\t\t\t\t\t\t\t\t\t<a href=\"http:\/\/www.ikc.edu.tr\"><br \/>\n\t\t\t\t\t\t\t<img fetchpriority=\"high\" decoding=\"async\" width=\"1024\" height=\"484\" src=\"https:\/\/record-project.eu\/wp-content\/uploads\/2023\/03\/Izmir_Katip_Celebi_Universitesi_logosu-1536x726-1-1024x484.png\" alt=\"\" srcset=\"https:\/\/record-project.eu\/wp-content\/uploads\/2023\/03\/Izmir_Katip_Celebi_Universitesi_logosu-1536x726-1-1024x484.png 1024w, https:\/\/record-project.eu\/wp-content\/uploads\/2023\/03\/Izmir_Katip_Celebi_Universitesi_logosu-1536x726-1-300x142.png 300w, https:\/\/record-project.eu\/wp-content\/uploads\/2023\/03\/Izmir_Katip_Celebi_Universitesi_logosu-1536x726-1-768x363.png 768w, https:\/\/record-project.eu\/wp-content\/uploads\/2023\/03\/Izmir_Katip_Celebi_Universitesi_logosu-1536x726-1.png 1536w\" sizes=\"(max-width: 1024px) 100vw, 1024px\" \/>\t\t\t\t\t\t\t\t<\/a><\/p>\n<h2>\u0130zm\u0130r Kat\u0130p \u00e7eleb\u0130 un\u0131vers\u0131ty<\/h2>\n<p>\u0130K\u00c7\u00dc, 2010 y\u0131l\u0131nda bir devlet \u00fcniversitesi olarak kurulmu\u015ftur. T\u00fcrkiye'nin \u00fc\u00e7\u00fcnc\u00fc b\u00fcy\u00fck \u015fehri olan \u0130zmir'de yer almaktad\u0131r. \u0130K\u00c7\u00dc'n\u00fcn misyonu a\u015fa\u011f\u0131daki \u015fekilde belirlenmi\u015ftir: \u0130nsanl\u0131\u011f\u0131n refah\u0131n\u0131 art\u0131rmak ve temalar alt\u0131ndaki sorunlar\u0131n \u00e7\u00f6z\u00fcm\u00fcn\u00fc \u00f6nceleyen ara\u015ft\u0131rmalar yapmak, Ara\u015ft\u0131rma sonu\u00e7lar\u0131n\u0131 uygulamaya d\u00f6n\u00fc\u015ft\u00fcrmek Bilgi birikimini toplumun hizmetine sunmak. Bir kamu akademik kurulu\u015fu olarak \u0130K\u00c7, ana ara\u015ft\u0131rma ve e\u011fitim ortaklar\u0131ndan biri olacakt\u0131r. T\u00fcrk ortaklar, akademik kadrolar\u0131 ve kapasiteleri arac\u0131l\u0131\u011f\u0131yla de\u011ferlendirme ve raporlamaya katk\u0131da bulunacakt\u0131r. Bir mesleki e\u011fitim kurumu olarak Turizm Rehberli\u011fi B\u00f6l\u00fcm\u00fc, dil uygulamas\u0131n\u0131 kendi programlar\u0131nda tan\u0131tacak ve uygulayacak ve projenin ve sonu\u00e7lar\u0131n\u0131n s\u00fcrd\u00fcr\u00fclebilirli\u011fine do\u011frudan katk\u0131da bulunacakt\u0131r.<\/p>\n<p>\t\t\t\t\t\t\t\t\t\t\t\t\t\t<a href=\"http:\/\/www.minevaganti.org\"><br \/>\n\t\t\t\t\t\t\t<img decoding=\"async\" width=\"1024\" height=\"683\" src=\"https:\/\/record-project.eu\/wp-content\/uploads\/2023\/03\/MVNGO-LOGO_HD-1536x1024-1-1024x683.png\" alt=\"\" srcset=\"https:\/\/record-project.eu\/wp-content\/uploads\/2023\/03\/MVNGO-LOGO_HD-1536x1024-1-1024x683.png 1024w, https:\/\/record-project.eu\/wp-content\/uploads\/2023\/03\/MVNGO-LOGO_HD-1536x1024-1-300x200.png 300w, https:\/\/record-project.eu\/wp-content\/uploads\/2023\/03\/MVNGO-LOGO_HD-1536x1024-1-768x512.png 768w, https:\/\/record-project.eu\/wp-content\/uploads\/2023\/03\/MVNGO-LOGO_HD-1536x1024-1.png 1536w\" sizes=\"(max-width: 1024px) 100vw, 1024px\" \/>\t\t\t\t\t\t\t\t<\/a><\/p>\n<h2>MINE VAGANTI NGO<\/h2>\n<p>Mine Vaganti STK's\u0131 2009 y\u0131l\u0131nda Sardinya'da kurulmu\u015f, Gen\u00e7lik, Yeti\u015fkinler, E\u011fitim ve Spor sekt\u00f6rlerinde E\u011fitim ve \u00d6\u011fretim, Proje Tasar\u0131m\u0131 ve Geli\u015ftirme, Tematik Ara\u015ft\u0131rma, Uluslararas\u0131 Hareketlilik ve Dan\u0131\u015fmanl\u0131k hizmetlerini kapsayan kar amac\u0131 g\u00fctmeyen bir kurulu\u015ftur. MVNGO'nun Sassari, Olbia ve Tempio Pausania'da Sardinya'n\u0131n kuzeyini etkileyen ve operasyonel \u015fubeleriyle \u0130talya'daki di\u011fer bir\u00e7ok b\u00f6lgeye, Avrupa'ya ve \u00f6tesine ula\u015fan 3 ofisi bulunmaktad\u0131r. EK\u0130P \u00c7ALI\u015eMASI MVNGO \u00fcyeleri, seminerler ve\/veya e\u011fitim kurslar\u0131 yoluyla hedefe ula\u015fan ara\u015ft\u0131rma, yenilik veya iyi uygulamalar\u0131n de\u011fi\u015fimi konular\u0131nda uluslararas\u0131 projeler olu\u015fturmak, geli\u015ftirmek ve uygulamak i\u00e7in \u00f6zel ekipler halinde \u00e7al\u0131\u015fmaktad\u0131r. MVNGO \u00e7al\u0131\u015fma ekipleri i\u00e7inde, geni\u015f bir deneyime sahip ve \u00f6nerilen projelerin uygulanmas\u0131na dahil olmaya istekli e\u011fitmenler \/ kolayla\u015ft\u0131r\u0131c\u0131lar (Salto akredite) bulunmaktad\u0131r.<\/p>\n<p>\t\t\t\t\t\t\t\t\t\t\t\t\t\t<a href=\"https:\/\/www.risingpixel.com\"><br \/>\n\t\t\t\t\t\t\t<img decoding=\"async\" width=\"170\" height=\"170\" src=\"https:\/\/record-project.eu\/wp-content\/uploads\/2023\/03\/ojodqjj2tizhbexjlxtr.webp\" alt=\"\" srcset=\"https:\/\/record-project.eu\/wp-content\/uploads\/2023\/03\/ojodqjj2tizhbexjlxtr.webp 170w, https:\/\/record-project.eu\/wp-content\/uploads\/2023\/03\/ojodqjj2tizhbexjlxtr-150x150.webp 150w\" sizes=\"(max-width: 170px) 100vw, 170px\" \/>\t\t\t\t\t\t\t\t<\/a><\/p>\n<h2>Y\u00dcKSELEN PIXEL<\/h2>\n<p>2D oyun geli\u015ftirmede g\u00fc\u00e7l\u00fc uzmanl\u0131\u011fa sahip, kararl\u0131 ve tutkulu bir grup oyun ve yaz\u0131l\u0131m geli\u015ftiricisiyiz. HTML5 interaktif deneyimlerimiz haftada milyonlarca kez oynan\u0131yor. Baz\u0131 sevilen markalar\u0131n arkas\u0131ndaki ekip olmay\u0131 seviyoruz, ancak ufkumuzu geni\u015fletmek ve kendi orijinal \u00fcr\u00fcnlerimizi geli\u015ftirmek istiyoruz. Oyun geli\u015ftirmeye her zaman ciddi bir zihniyetle yakla\u015f\u0131yoruz, ancak projelere e\u011flenceli taraf\u0131m\u0131z\u0131 enjekte etmeyi asla unutmuyoruz. Oyun geli\u015ftirmeyi \u00e7ok seviyoruz \u00e7\u00fcnk\u00fc i\u015fimizin en yarat\u0131c\u0131 k\u0131sm\u0131 bu. B2C ve B2B hizmetlerini de i\u00e7eren deneysel ve yenilik\u00e7i oyunlar \u00fczerinde \u00e7al\u0131\u015fmay\u0131 seven insanlardan olu\u015fan bir ekibiz.<\/p>\n<p>\t\t\t\t\t\t\t\t\t\t\t\t\t\t<a href=\"https:\/\/ookgm.meb.gov.tr\/\"><br \/>\n\t\t\t\t\t\t\t<img loading=\"lazy\" decoding=\"async\" width=\"480\" height=\"480\" src=\"https:\/\/record-project.eu\/wp-content\/uploads\/2023\/03\/mebLogo.png\" alt=\"\" srcset=\"https:\/\/record-project.eu\/wp-content\/uploads\/2023\/03\/mebLogo.png 480w, https:\/\/record-project.eu\/wp-content\/uploads\/2023\/03\/mebLogo-300x300.png 300w, https:\/\/record-project.eu\/wp-content\/uploads\/2023\/03\/mebLogo-150x150.png 150w\" sizes=\"(max-width: 480px) 100vw, 480px\" \/>\t\t\t\t\t\t\t\t<\/a><\/p>\n<h2>\u00d6zel \u00d6\u011fret\u0130m Kurumlar\u0131 Genel M\u00fcd\u00fcrl\u00fc\u011f\u00fc <\/h2>\n<p>\u00d6\u00d6KGM (\u00d6zel \u00d6\u011fretim Kurumlar\u0131 Genel M\u00fcd\u00fcrl\u00fc\u011f\u00fc) T\u00fcrkiye'de Milli E\u011fitim Bakanl\u0131\u011f\u0131'n\u0131n ana organlar\u0131ndan biridir. Genel M\u00fcd\u00fcrl\u00fck, sivil toplum kurulu\u015flar\u0131 veya ger\u00e7ek ki\u015filer taraf\u0131ndan i\u015fletilen \u00f6rg\u00fcn ve yayg\u0131n \u00f6zel \u00f6\u011fretim kurumlar\u0131n\u0131n her kademesine y\u00f6nelik her t\u00fcrl\u00fc d\u00fczenleme, denetim ve e\u011fitim faaliyetlerinin y\u00fcr\u00fct\u00fclmesinden sorumludur. TPE\u0130 Genel M\u00fcd\u00fcrl\u00fc\u011f\u00fc, e\u011fitim kurumlar\u0131 i\u00e7in y\u00f6netmelikler, e\u011fitim programlar\u0131 ve m\u00fcfredat geli\u015ftirme ve y\u00fcr\u00fctme konular\u0131nda da \u00e7al\u0131\u015fmaktad\u0131r. Milli E\u011fitim Bakanl\u0131\u011f\u0131'na ba\u011fl\u0131 bir kurulu\u015ftur.<\/p>\n<p>\t\t\t\t\t\t\t\t\t\t\t\t\t\t<a href=\"http:\/\/www.crnonline.de\"><br \/>\n\t\t\t\t\t\t\t<img loading=\"lazy\" decoding=\"async\" width=\"1024\" height=\"326\" src=\"https:\/\/record-project.eu\/wp-content\/uploads\/2023\/03\/LOGO1-1536x489-1-1024x326.png\" alt=\"\" srcset=\"https:\/\/record-project.eu\/wp-content\/uploads\/2023\/03\/LOGO1-1536x489-1-1024x326.png 1024w, https:\/\/record-project.eu\/wp-content\/uploads\/2023\/03\/LOGO1-1536x489-1-300x96.png 300w, https:\/\/record-project.eu\/wp-content\/uploads\/2023\/03\/LOGO1-1536x489-1-768x245.png 768w, https:\/\/record-project.eu\/wp-content\/uploads\/2023\/03\/LOGO1-1536x489-1.png 1536w\" sizes=\"(max-width: 1024px) 100vw, 1024px\" \/>\t\t\t\t\t\t\t\t<\/a><\/p>\n<h2>KAR\u015eILA\u015eTIRMALI ARA\u015eTIRMA A\u011eI EV<\/h2>\n<p>Kar\u015f\u0131la\u015ft\u0131rmal\u0131 Ara\u015ft\u0131rma A\u011f\u0131 2007 y\u0131l\u0131nda kurulmu\u015f ve o tarihten bu yana yayg\u0131n yeti\u015fkin, gen\u00e7lik ve mesleki e\u011fitim ve ara\u015ft\u0131rma alan\u0131nda \u00e7al\u0131\u015fmaktad\u0131r. CRN A\u011f\u0131 faaliyetleri \u00fc\u00e7 dikey alana ayr\u0131lm\u0131\u015ft\u0131r: ara\u015ft\u0131rma, e\u011fitim ve yay\u0131n. Ara\u015ft\u0131rma b\u00f6l\u00fcm\u00fc Kat\u0131l\u0131m, Kentsel Sorunlar, Bar\u0131\u015f \u0130n\u015fas\u0131 ve k\u00fclt\u00fcrleraras\u0131 diyalog, \u00e7e\u015fitlilik ve yurtta\u015f bilimini hedeflemektedir. Berlin \u015fehrinde g\u00f6\u00e7menlerle birlikte sosyal entegrasyon kavramlar\u0131n\u0131n birlikte yarat\u0131lmas\u0131 \u00fczerine yerel projeler \u00fczerinde \u00e7al\u0131\u015f\u0131yoruz ve yerel vatanda\u015flar ile politika yap\u0131c\u0131lar aras\u0131nda de\u011fi\u015fim ve sosyal uyum ve yeni \u00e7e\u015fitlilik kavramlar\u0131 \u00fczerine daha geni\u015f \u00f6l\u00e7ekte konu\u015fmalar yap\u0131yoruz.<\/p>","protected":false},"excerpt":{"rendered":"<p>ORTAKLAR \u0130zm\u0130r Kat\u0130p \u00e7eleb\u0130 \u00fcn\u0130vers\u0130tes\u0130 \u0130K\u00c7\u00dc, 2010 y\u0131l\u0131nda bir devlet \u00fcniversitesi olarak kurulmu\u015ftur. T\u00fcrkiye'nin \u00fc\u00e7\u00fcnc\u00fc b\u00fcy\u00fck \u015fehri olan \u0130zmir'de yer almaktad\u0131r. \u0130K\u00c7\u00dc'n\u00fcn misyonu a\u015fa\u011f\u0131daki \u015fekilde belirlenmi\u015ftir: \u0130nsanl\u0131\u011f\u0131n refah\u0131n\u0131 art\u0131rmak ve temalar alt\u0131ndaki sorunlar\u0131n \u00e7\u00f6z\u00fcm\u00fcn\u00fc \u00f6nceleyen ara\u015ft\u0131rmalar yapmak, Ara\u015ft\u0131rma sonu\u00e7lar\u0131n\u0131 uygulamaya d\u00f6n\u00fc\u015ft\u00fcrmek Bilgi birikimini toplumun hizmetine sunmak. Bir kamu akademik kurulu\u015fu olarak \u0130K\u00c7, ana ara\u015ft\u0131rma ve e\u011fitim ortaklar\u0131ndan biri olacakt\u0131r. T\u00fcrk ortaklar, akademik kadrolar\u0131 ve kapasiteleri arac\u0131l\u0131\u011f\u0131yla de\u011ferlendirme ve raporlamaya katk\u0131da bulunacakt\u0131r. Bir mesleki e\u011fitim kurumu olarak Turizm Rehberli\u011fi B\u00f6l\u00fcm\u00fc, dil uygulamas\u0131n\u0131 programlar\u0131nda tan\u0131tacak ve uygulayacak ve projenin ve sonu\u00e7lar\u0131n\u0131n s\u00fcrd\u00fcr\u00fclebilirli\u011fine do\u011frudan katk\u0131da bulunacakt\u0131r MINE VAGANTI STK Mine Vaganti STK, 2009 y\u0131l\u0131nda Sardunya'da kurulmu\u015f, Gen\u00e7lik, Yeti\u015fkinler, E\u011fitim ve Spor sekt\u00f6rlerinde E\u011fitim ve \u00d6\u011fretim, Proje Tasar\u0131m\u0131 ve Geli\u015ftirme, Tematik Ara\u015ft\u0131rma, Uluslararas\u0131 Hareketlilik ve Dan\u0131\u015fmanl\u0131k hizmetlerini kapsayan kar amac\u0131 g\u00fctmeyen bir kurulu\u015ftur. MVNGO'nun Sassari, Olbia ve Tempio Pausania'da Sardinya'n\u0131n kuzeyini etkileyen ve operasyonel \u015fubeleriyle \u0130talya'daki di\u011fer bir\u00e7ok b\u00f6lgeye, Avrupa'ya ve \u00f6tesine ula\u015fan 3 ofisi bulunmaktad\u0131r. EK\u0130P \u00c7ALI\u015eMASI MVNGO \u00fcyeleri, seminerler ve\/veya e\u011fitim kurslar\u0131 yoluyla hedefe ula\u015fan ara\u015ft\u0131rma, yenilik veya iyi uygulamalar\u0131n de\u011fi\u015fimi konular\u0131nda uluslararas\u0131 projeler olu\u015fturmak, geli\u015ftirmek ve uygulamak i\u00e7in \u00f6zel ekipler halinde \u00e7al\u0131\u015fmaktad\u0131r. MVNGO \u00e7al\u0131\u015fma ekipleri i\u00e7inde, geni\u015f bir deneyime sahip ve \u00f6nerilen projelerin uygulanmas\u0131na dahil olmaya istekli e\u011fitmenler \/ kolayla\u015ft\u0131r\u0131c\u0131lar (Salto akredite) bulunmaktad\u0131r. RISING PIXEL 2D oyun geli\u015ftirmede g\u00fc\u00e7l\u00fc uzmanl\u0131\u011fa sahip, kararl\u0131 ve tutkulu bir grup oyun ve yaz\u0131l\u0131m geli\u015ftiricisiyiz. HTML5 etkile\u015fimli deneyimlerimiz haftada milyonlarca kez oynan\u0131yor. Baz\u0131 sevilen markalar\u0131n arkas\u0131ndaki ekip olmay\u0131 seviyoruz, ancak ufkumuzu geni\u015fletmek ve kendi orijinal \u00fcr\u00fcnlerimizi geli\u015ftirmek istiyoruz. Oyun geli\u015ftirmeye her zaman ciddi bir zihniyetle yakla\u015f\u0131yoruz, ancak projelere e\u011flenceli taraf\u0131m\u0131z\u0131 enjekte etmeyi asla unutmuyoruz. Oyun geli\u015ftirmeyi \u00e7ok seviyoruz \u00e7\u00fcnk\u00fc i\u015fimizin en yarat\u0131c\u0131 k\u0131sm\u0131 bu. B2C ve B2B hizmetleri de i\u00e7eren deneysel ve yenilik\u00e7i oyunlar \u00fczerinde \u00e7al\u0131\u015fmay\u0131 seven insanlardan olu\u015fan bir ekibiz. \u00d6zel \u00d6\u011fretim Kurumlar\u0131 Genel M\u00fcd\u00fcrl\u00fc\u011f\u00fc \u00d6\u00d6KGM (\u00d6zel \u00d6\u011fretim Kurumlar\u0131 Genel M\u00fcd\u00fcrl\u00fc\u011f\u00fc), T\u00fcrkiye'de Milli E\u011fitim Bakanl\u0131\u011f\u0131'n\u0131n ana organlar\u0131ndan biridir. Genel M\u00fcd\u00fcrl\u00fck, sivil toplum kurulu\u015flar\u0131 veya ger\u00e7ek ki\u015filer taraf\u0131ndan i\u015fletilen \u00f6rg\u00fcn ve yayg\u0131n \u00f6zel \u00f6\u011fretim kurumlar\u0131n\u0131n her kademesine y\u00f6nelik her t\u00fcrl\u00fc d\u00fczenleme, denetim ve e\u011fitim faaliyetlerinin y\u00fcr\u00fct\u00fclmesinden sorumludur. TPE\u0130 Genel M\u00fcd\u00fcrl\u00fc\u011f\u00fc, e\u011fitim kurumlar\u0131 i\u00e7in y\u00f6netmelikler, e\u011fitim programlar\u0131 ve m\u00fcfredat geli\u015ftirme ve y\u00fcr\u00fctme konular\u0131nda da \u00e7al\u0131\u015fmaktad\u0131r. Milli E\u011fitim Bakanl\u0131\u011f\u0131'na ba\u011fl\u0131 bir kurulu\u015ftur. KAR\u015eILA\u015eTIRMALI ARA\u015eTIRMA A\u011eI EV Kar\u015f\u0131la\u015ft\u0131rmal\u0131 Ara\u015ft\u0131rma A\u011f\u0131 2007 y\u0131l\u0131nda kurulmu\u015ftur ve o tarihten bu yana yayg\u0131n yeti\u015fkin, gen\u00e7lik ve mesleki e\u011fitim ve ara\u015ft\u0131rma alan\u0131nda \u00e7al\u0131\u015fmaktad\u0131r. CRN A\u011f\u0131 faaliyetleri \u00fc\u00e7 dikey alana ayr\u0131lm\u0131\u015ft\u0131r: ara\u015ft\u0131rma, e\u011fitim ve yay\u0131n. Ara\u015ft\u0131rma b\u00f6l\u00fcm\u00fc Kat\u0131l\u0131m, Kentsel Sorunlar, Bar\u0131\u015f \u0130n\u015fas\u0131 ve k\u00fclt\u00fcrleraras\u0131 diyalog, \u00e7e\u015fitlilik ve yurtta\u015f bilimini hedeflemektedir. Berlin \u015fehrinde g\u00f6\u00e7menlerle birlikte sosyal entegrasyon kavramlar\u0131n\u0131n birlikte yarat\u0131lmas\u0131 \u00fczerine yerel projeler \u00fczerinde \u00e7al\u0131\u015f\u0131yoruz ve yerel vatanda\u015flar ile politika yap\u0131c\u0131lar aras\u0131nda de\u011fi\u015fim ve sosyal uyum ve yeni \u00e7e\u015fitlilik kavramlar\u0131 \u00fczerine daha geni\u015f \u00f6l\u00e7ekte konu\u015fmalar yap\u0131yoruz.<\/p>","protected":false},"author":3,"featured_media":0,"parent":0,"menu_order":0,"comment_status":"closed","ping_status":"closed","template":"","meta":{"site-sidebar-layout":"no-sidebar","site-content-layout":"page-builder","ast-site-content-layout":"full-width-container","site-content-style":"unboxed","site-sidebar-style":"unboxed","ast-global-header-display":"","ast-banner-title-visibility":"","ast-main-header-display":"","ast-hfb-above-header-display":"","ast-hfb-below-header-display":"","ast-hfb-mobile-header-display":"","site-post-title":"disabled","ast-breadcrumbs-content":"","ast-featured-img":"disabled","footer-sml-layout":"","ast-disable-related-posts":"","theme-transparent-header-meta":"enabled","adv-header-id-meta":"","stick-header-meta":"","header-above-stick-meta":"","header-main-stick-meta":"","header-below-stick-meta":"","astra-migrate-meta-layouts":"set","ast-page-background-enabled":"default","ast-page-background-meta":{"desktop":{"background-color":"","background-image":"","background-repeat":"repeat","background-position":"center center","background-size":"auto","background-attachment":"scroll","background-type":"","background-media":"","overlay-type":"","overlay-color":"","overlay-opacity":"","overlay-gradient":""},"tablet":{"background-color":"","background-image":"","background-repeat":"repeat","background-position":"center center","background-size":"auto","background-attachment":"scroll","background-type":"","background-media":"","overlay-type":"","overlay-color":"","overlay-opacity":"","overlay-gradient":""},"mobile":{"background-color":"","background-image":"","background-repeat":"repeat","background-position":"center center","background-size":"auto","background-attachment":"scroll","background-type":"","background-media":"","overlay-type":"","overlay-color":"","overlay-opacity":"","overlay-gradient":""}},"ast-content-background-meta":{"desktop":{"background-color":"var(--ast-global-color-5)","background-image":"","background-repeat":"repeat","background-position":"center center","background-size":"auto","background-attachment":"scroll","background-type":"","background-media":"","overlay-type":"","overlay-color":"","overlay-opacity":"","overlay-gradient":""},"tablet":{"background-color":"var(--ast-global-color-5)","background-image":"","background-repeat":"repeat","background-position":"center center","background-size":"auto","background-attachment":"scroll","background-type":"","background-media":"","overlay-type":"","overlay-color":"","overlay-opacity":"","overlay-gradient":""},"mobile":{"background-color":"var(--ast-global-color-5)","background-image":"","background-repeat":"repeat","background-position":"center center","background-size":"auto","background-attachment":"scroll","background-type":"","background-media":"","overlay-type":"","overlay-color":"","overlay-opacity":"","overlay-gradient":""}},"footnotes":""},"class_list":["post-1521","page","type-page","status-publish","hentry"],"_links":{"self":[{"href":"https:\/\/record-project.eu\/tr\/wp-json\/wp\/v2\/pages\/1521","targetHints":{"allow":["GET"]}}],"collection":[{"href":"https:\/\/record-project.eu\/tr\/wp-json\/wp\/v2\/pages"}],"about":[{"href":"https:\/\/record-project.eu\/tr\/wp-json\/wp\/v2\/types\/page"}],"author":[{"embeddable":true,"href":"https:\/\/record-project.eu\/tr\/wp-json\/wp\/v2\/users\/3"}],"replies":[{"embeddable":true,"href":"https:\/\/record-project.eu\/tr\/wp-json\/wp\/v2\/comments?post=1521"}],"version-history":[{"count":20,"href":"https:\/\/record-project.eu\/tr\/wp-json\/wp\/v2\/pages\/1521\/revisions"}],"predecessor-version":[{"id":3080,"href":"https:\/\/record-project.eu\/tr\/wp-json\/wp\/v2\/pages\/1521\/revisions\/3080"}],"wp:attachment":[{"href":"https:\/\/record-project.eu\/tr\/wp-json\/wp\/v2\/media?parent=1521"}],"curies":[{"name":"wp","href":"https:\/\/api.w.org\/{rel}","templated":true}]}}