{"id":2152,"date":"2023-12-04T13:28:37","date_gmt":"2023-12-04T13:28:37","guid":{"rendered":"https:\/\/record-project.eu\/?page_id=2152"},"modified":"2023-12-14T11:09:56","modified_gmt":"2023-12-14T11:09:56","slug":"point-of-interests","status":"publish","type":"page","link":"https:\/\/record-project.eu\/de\/point-of-interests\/","title":{"rendered":"Punkt von Interesse"},"content":{"rendered":"<div data-elementor-type=\"wp-page\" data-elementor-id=\"2152\" class=\"elementor elementor-2152\">\n\t\t\t\t\t\t<section class=\"elementor-section elementor-top-section elementor-element elementor-element-fd13365 elementor-section-height-min-height elementor-section-items-stretch elementor-section-full_width elementor-section-height-default wpr-particle-no wpr-jarallax-no wpr-sticky-section-no wpr-equal-height-no\" data-id=\"fd13365\" data-element_type=\"section\" data-e-type=\"section\" data-settings=\"{&quot;background_background&quot;:&quot;classic&quot;}\">\n\t\t\t\t\t\t<div class=\"elementor-container elementor-column-gap-no\">\n\t\t\t\t\t<div class=\"elementor-column elementor-col-100 elementor-top-column elementor-element elementor-element-c5a05e2\" data-id=\"c5a05e2\" data-element_type=\"column\" data-e-type=\"column\" data-settings=\"{&quot;background_background&quot;:&quot;gradient&quot;,&quot;animation&quot;:&quot;none&quot;}\">\n\t\t\t<div class=\"elementor-widget-wrap elementor-element-populated\">\n\t\t\t\t\t\t<div class=\"elementor-element elementor-element-140b2c5 elementor-widget elementor-widget-spacer\" data-id=\"140b2c5\" data-element_type=\"widget\" data-e-type=\"widget\" data-widget_type=\"spacer.default\">\n\t\t\t\t<div class=\"elementor-widget-container\">\n\t\t\t\t\t\t\t<div class=\"elementor-spacer\">\n\t\t\t<div class=\"elementor-spacer-inner\"><\/div>\n\t\t<\/div>\n\t\t\t\t\t\t<\/div>\n\t\t\t\t<\/div>\n\t\t\t\t<section class=\"elementor-section elementor-inner-section elementor-element elementor-element-04f30fa elementor-section-boxed elementor-section-height-default elementor-section-height-default wpr-particle-no wpr-jarallax-no wpr-parallax-no wpr-sticky-section-no wpr-equal-height-no\" data-id=\"04f30fa\" data-element_type=\"section\" data-e-type=\"section\">\n\t\t\t\t\t\t<div class=\"elementor-container elementor-column-gap-default\">\n\t\t\t\t\t<div class=\"elementor-column elementor-col-50 elementor-inner-column elementor-element elementor-element-56cea48 elementor-invisible\" data-id=\"56cea48\" data-element_type=\"column\" data-e-type=\"column\" data-settings=\"{&quot;animation&quot;:&quot;fadeInLeft&quot;}\">\n\t\t\t<div class=\"elementor-widget-wrap elementor-element-populated\">\n\t\t\t\t\t\t<div class=\"elementor-element elementor-element-beb487d elementor-widget elementor-widget-heading\" data-id=\"beb487d\" data-element_type=\"widget\" data-e-type=\"widget\" data-widget_type=\"heading.default\">\n\t\t\t\t<div class=\"elementor-widget-container\">\n\t\t\t\t\t<h2 class=\"elementor-heading-title elementor-size-default\">INTERESSENSCHWERPUNKT<\/h2>\t\t\t\t<\/div>\n\t\t\t\t<\/div>\n\t\t\t\t<div class=\"elementor-element elementor-element-b239dcb elementor-widget-divider--view-line elementor-widget elementor-widget-divider\" data-id=\"b239dcb\" data-element_type=\"widget\" data-e-type=\"widget\" data-widget_type=\"divider.default\">\n\t\t\t\t<div class=\"elementor-widget-container\">\n\t\t\t\t\t\t\t<div class=\"elementor-divider\">\n\t\t\t<span class=\"elementor-divider-separator\">\n\t\t\t\t\t\t<\/span>\n\t\t<\/div>\n\t\t\t\t\t\t<\/div>\n\t\t\t\t<\/div>\n\t\t\t\t\t<\/div>\n\t\t<\/div>\n\t\t\t\t<div class=\"elementor-column elementor-col-50 elementor-inner-column elementor-element elementor-element-b143697\" data-id=\"b143697\" data-element_type=\"column\" data-e-type=\"column\">\n\t\t\t<div class=\"elementor-widget-wrap\">\n\t\t\t\t\t\t\t<\/div>\n\t\t<\/div>\n\t\t\t\t\t<\/div>\n\t\t<\/section>\n\t\t\t\t<section class=\"elementor-section elementor-inner-section elementor-element elementor-element-c23890f elementor-section-content-middle elementor-section-boxed elementor-section-height-default elementor-section-height-default wpr-particle-no wpr-jarallax-no wpr-parallax-no wpr-sticky-section-no wpr-equal-height-no\" data-id=\"c23890f\" data-element_type=\"section\" data-e-type=\"section\">\n\t\t\t\t\t\t<div class=\"elementor-container elementor-column-gap-default\">\n\t\t\t\t\t<div class=\"elementor-column elementor-col-100 elementor-inner-column elementor-element elementor-element-471da53\" data-id=\"471da53\" data-element_type=\"column\" data-e-type=\"column\">\n\t\t\t<div class=\"elementor-widget-wrap elementor-element-populated\">\n\t\t\t\t<div class=\"elementor-element elementor-element-58f41a3 e-con-full e-flex wpr-particle-no wpr-jarallax-no wpr-parallax-no wpr-sticky-section-no wpr-equal-height-no e-con e-parent\" data-id=\"58f41a3\" data-element_type=\"container\" data-e-type=\"container\">\n\t\t<div class=\"elementor-element elementor-element-047c277 e-con-full e-flex wpr-particle-no wpr-jarallax-no wpr-parallax-no wpr-sticky-section-no wpr-equal-height-no e-con e-child\" data-id=\"047c277\" data-element_type=\"container\" data-e-type=\"container\">\n\t\t\t\t<div class=\"elementor-element elementor-element-9849b6c elementor-widget__width-initial elementor-widget elementor-widget-qi_addons_for_elementor_interactive_banner\" data-id=\"9849b6c\" data-element_type=\"widget\" data-e-type=\"widget\" data-widget_type=\"qi_addons_for_elementor_interactive_banner.default\">\n\t\t\t\t<div class=\"elementor-widget-container\">\n\t\t\t\t\t<div class=\"qodef-shortcode qodef-m qodef-qi-interactive-banner qodef-layout--from-bottom\">\n\t<div class=\"qodef-m-image\">\n\t<img fetchpriority=\"high\" decoding=\"async\" width=\"1000\" height=\"650\" src=\"https:\/\/record-project.eu\/wp-content\/uploads\/2023\/12\/Canary-Island-Pic1-1-1000x650.jpg\" class=\"attachment-qi_addons_for_elementor_image_size_landscape size-qi_addons_for_elementor_image_size_landscape\" alt=\"\" \/><\/div>\n\t<div class=\"qodef-m-content\">\n\t\t<a itemprop=\"url\" href=\"https:\/\/record-project.eu\/de\/canary-islands\/\" class=\"qodef-m-banner-link\" target=\"_self\"><\/a>\n\t\t<div class=\"qodef-m-content-inner\">\n\t\t\t<div class=\"qodef-m-movement\">\n\t\t\t\t\t<h5 class=\"qodef-m-subtitle\">\n\t\tSPANIEN, G\u00c1LDAR\t<\/h5>\n\t\t\t\t\t<h3 class=\"qodef-m-title\">\n\t\tKANARISCHE INSEL\t<\/h3>\n\t\t\t\t<div class=\"qodef-m-text-holder\">\n\t\t\t\t\t\t\t\t\t\t\t<div class=\"qodef-m-button\">\n\t\t<a class=\"qodef-shortcode qodef-m qodef-qi-button qodef-html--link qodef-layout--filled qodef-type--standard qodef-size--large qodef-icon--right qodef-hover--icon-move-horizontal-short\" href=\"https:\/\/record-project.eu\/de\/canary-islands\/\" target=\"_self\">\t<span class=\"qodef-m-text\">MEHR \u00dcBER<\/span>\t<\/a>\t<\/div>\n\t\t\t\t<\/div>\n\t\t\t\t<a itemprop=\"url\" href=\"https:\/\/record-project.eu\/de\/canary-islands\/\" class=\"qodef-m-banner-link\" target=\"_self\"><\/a>\n\t\t\t<\/div>\n\t\t<\/div>\n\t<\/div>\n<\/div>\n\t\t\t\t<\/div>\n\t\t\t\t<\/div>\n\t\t\t\t<\/div>\n\t\t<div class=\"elementor-element elementor-element-d7c1b3d e-con-full e-flex wpr-particle-no wpr-jarallax-no wpr-parallax-no wpr-sticky-section-no wpr-equal-height-no e-con e-child\" data-id=\"d7c1b3d\" data-element_type=\"container\" data-e-type=\"container\">\n\t\t\t\t<div class=\"elementor-element elementor-element-561f0ae elementor-widget__width-initial elementor-widget elementor-widget-qi_addons_for_elementor_interactive_banner\" data-id=\"561f0ae\" data-element_type=\"widget\" data-e-type=\"widget\" data-widget_type=\"qi_addons_for_elementor_interactive_banner.default\">\n\t\t\t\t<div class=\"elementor-widget-container\">\n\t\t\t\t\t<div class=\"qodef-shortcode qodef-m qodef-qi-interactive-banner qodef-layout--from-bottom\">\n\t<div class=\"qodef-m-image\">\n\t<img decoding=\"async\" width=\"1000\" height=\"650\" src=\"https:\/\/record-project.eu\/wp-content\/uploads\/2023\/12\/bergama-1000x650.jpg\" class=\"attachment-qi_addons_for_elementor_image_size_landscape size-qi_addons_for_elementor_image_size_landscape\" alt=\"\" \/><\/div>\n\t<div class=\"qodef-m-content\">\n\t\t<a itemprop=\"url\" href=\"https:\/\/record-project.eu\/de\/bergama\/\" class=\"qodef-m-banner-link\" target=\"_self\"><\/a>\n\t\t<div class=\"qodef-m-content-inner\">\n\t\t\t<div class=\"qodef-m-movement\">\n\t\t\t\t\t<h5 class=\"qodef-m-subtitle\">\n\t\tT\u00dcRK\u0130YE, \u0130ZM\u0130R\t<\/h5>\n\t\t\t\t\t<h3 class=\"qodef-m-title\">\n\t\tBERGAMA\t<\/h3>\n\t\t\t\t<div class=\"qodef-m-text-holder\">\n\t\t\t\t\t\t\t\t\t\t\t<div class=\"qodef-m-button\">\n\t\t<a class=\"qodef-shortcode qodef-m qodef-qi-button qodef-html--link qodef-layout--filled qodef-type--standard qodef-size--large qodef-icon--right qodef-hover--icon-move-horizontal-short\" href=\"https:\/\/record-project.eu\/de\/bergama\/\" target=\"_self\">\t<span class=\"qodef-m-text\">MEHR \u00dcBER<\/span>\t<\/a>\t<\/div>\n\t\t\t\t<\/div>\n\t\t\t\t<a itemprop=\"url\" href=\"https:\/\/record-project.eu\/de\/bergama\/\" class=\"qodef-m-banner-link\" target=\"_self\"><\/a>\n\t\t\t<\/div>\n\t\t<\/div>\n\t<\/div>\n<\/div>\n\t\t\t\t<\/div>\n\t\t\t\t<\/div>\n\t\t\t\t<\/div>\n\t\t\t\t<\/div>\n\t\t<div class=\"elementor-element elementor-element-337e6a8 e-con-full e-flex wpr-particle-no wpr-jarallax-no wpr-parallax-no wpr-sticky-section-no wpr-equal-height-no e-con e-parent\" data-id=\"337e6a8\" data-element_type=\"container\" data-e-type=\"container\">\n\t\t<div class=\"elementor-element elementor-element-88fda1f e-con-full e-flex wpr-particle-no wpr-jarallax-no wpr-parallax-no wpr-sticky-section-no wpr-equal-height-no e-con e-child\" data-id=\"88fda1f\" data-element_type=\"container\" data-e-type=\"container\">\n\t\t\t\t<div class=\"elementor-element elementor-element-b87ac43 elementor-widget__width-initial elementor-widget elementor-widget-qi_addons_for_elementor_interactive_banner\" data-id=\"b87ac43\" data-element_type=\"widget\" data-e-type=\"widget\" data-widget_type=\"qi_addons_for_elementor_interactive_banner.default\">\n\t\t\t\t<div class=\"elementor-widget-container\">\n\t\t\t\t\t<div class=\"qodef-shortcode qodef-m qodef-qi-interactive-banner qodef-layout--from-bottom\">\n\t<div class=\"qodef-m-image\">\n\t<img decoding=\"async\" width=\"1000\" height=\"650\" src=\"https:\/\/record-project.eu\/wp-content\/uploads\/2023\/12\/weddingpic-1000x650.jpg\" class=\"attachment-qi_addons_for_elementor_image_size_landscape size-qi_addons_for_elementor_image_size_landscape\" alt=\"\" \/><\/div>\n\t<div class=\"qodef-m-content\">\n\t\t<a itemprop=\"url\" href=\"https:\/\/record-project.eu\/de\/wedding\/\" class=\"qodef-m-banner-link\" target=\"_self\"><\/a>\n\t\t<div class=\"qodef-m-content-inner\">\n\t\t\t<div class=\"qodef-m-movement\">\n\t\t\t\t\t<h5 class=\"qodef-m-subtitle\">\n\t\tDEUTSCHLAND, BERLIN\t<\/h5>\n\t\t\t\t\t<h3 class=\"qodef-m-title\">\n\t\tWEDDING\t<\/h3>\n\t\t\t\t<div class=\"qodef-m-text-holder\">\n\t\t\t\t\t\t\t\t\t\t\t<div class=\"qodef-m-button\">\n\t\t<a class=\"qodef-shortcode qodef-m qodef-qi-button qodef-html--link qodef-layout--filled qodef-type--standard qodef-size--large qodef-icon--right qodef-hover--icon-move-horizontal-short\" href=\"https:\/\/record-project.eu\/de\/wedding\/\" target=\"_self\">\t<span class=\"qodef-m-text\">MEHR \u00dcBER<\/span>\t<\/a>\t<\/div>\n\t\t\t\t<\/div>\n\t\t\t\t<a itemprop=\"url\" href=\"https:\/\/record-project.eu\/de\/wedding\/\" class=\"qodef-m-banner-link\" target=\"_self\"><\/a>\n\t\t\t<\/div>\n\t\t<\/div>\n\t<\/div>\n<\/div>\n\t\t\t\t<\/div>\n\t\t\t\t<\/div>\n\t\t\t\t<\/div>\n\t\t<div class=\"elementor-element elementor-element-1701512 e-con-full e-flex wpr-particle-no wpr-jarallax-no wpr-parallax-no wpr-sticky-section-no wpr-equal-height-no e-con e-child\" data-id=\"1701512\" data-element_type=\"container\" data-e-type=\"container\">\n\t\t\t\t<div class=\"elementor-element elementor-element-57677d8 elementor-widget__width-initial elementor-widget elementor-widget-qi_addons_for_elementor_interactive_banner\" data-id=\"57677d8\" data-element_type=\"widget\" data-e-type=\"widget\" data-widget_type=\"qi_addons_for_elementor_interactive_banner.default\">\n\t\t\t\t<div class=\"elementor-widget-container\">\n\t\t\t\t\t<div class=\"qodef-shortcode qodef-m qodef-qi-interactive-banner qodef-layout--from-bottom\">\n\t<div class=\"qodef-m-image\">\n\t<img loading=\"lazy\" decoding=\"async\" width=\"1000\" height=\"650\" src=\"https:\/\/record-project.eu\/wp-content\/uploads\/2023\/12\/marmilla-1000x650.jpg\" class=\"attachment-qi_addons_for_elementor_image_size_landscape size-qi_addons_for_elementor_image_size_landscape\" alt=\"\" \/><\/div>\n\t<div class=\"qodef-m-content\">\n\t\t<a itemprop=\"url\" href=\"https:\/\/record-project.eu\/de\/alta-marmilla\/\" class=\"qodef-m-banner-link\" target=\"_self\"><\/a>\n\t\t<div class=\"qodef-m-content-inner\">\n\t\t\t<div class=\"qodef-m-movement\">\n\t\t\t\t\t<h5 class=\"qodef-m-subtitle\">\n\t\tITALIEN, SARDINIEN\t<\/h5>\n\t\t\t\t\t<h3 class=\"qodef-m-title\">\n\t\tALTA MARMILLA\t<\/h3>\n\t\t\t\t<div class=\"qodef-m-text-holder\">\n\t\t\t\t\t\t\t\t\t\t\t<div class=\"qodef-m-button\">\n\t\t<a class=\"qodef-shortcode qodef-m qodef-qi-button qodef-html--link qodef-layout--filled qodef-type--standard qodef-size--large qodef-icon--right qodef-hover--icon-move-horizontal-short\" href=\"https:\/\/record-project.eu\/de\/alta-marmilla\/\" target=\"_self\">\t<span class=\"qodef-m-text\">MEHR \u00dcBER<\/span>\t<\/a>\t<\/div>\n\t\t\t\t<\/div>\n\t\t\t\t<a itemprop=\"url\" href=\"https:\/\/record-project.eu\/de\/alta-marmilla\/\" class=\"qodef-m-banner-link\" target=\"_self\"><\/a>\n\t\t\t<\/div>\n\t\t<\/div>\n\t<\/div>\n<\/div>\n\t\t\t\t<\/div>\n\t\t\t\t<\/div>\n\t\t\t\t<\/div>\n\t\t\t\t<\/div>\n\t\t\t\t\t<\/div>\n\t\t<\/div>\n\t\t\t\t\t<\/div>\n\t\t<\/section>\n\t\t\t\t<section class=\"elementor-section elementor-inner-section elementor-element elementor-element-5bb93db elementor-section-content-middle elementor-section-boxed elementor-section-height-default elementor-section-height-default wpr-particle-no wpr-jarallax-no wpr-parallax-no wpr-sticky-section-no wpr-equal-height-no\" data-id=\"5bb93db\" data-element_type=\"section\" data-e-type=\"section\">\n\t\t\t\t\t\t<div class=\"elementor-container elementor-column-gap-no\">\n\t\t\t\t\t<div class=\"elementor-column elementor-col-100 elementor-inner-column elementor-element elementor-element-7d88235\" data-id=\"7d88235\" data-element_type=\"column\" data-e-type=\"column\">\n\t\t\t<div class=\"elementor-widget-wrap elementor-element-populated\">\n\t\t\t\t\t\t<div class=\"elementor-element elementor-element-a7adcf0 elementor-widget elementor-widget-spacer\" data-id=\"a7adcf0\" data-element_type=\"widget\" data-e-type=\"widget\" data-widget_type=\"spacer.default\">\n\t\t\t\t<div class=\"elementor-widget-container\">\n\t\t\t\t\t\t\t<div class=\"elementor-spacer\">\n\t\t\t<div class=\"elementor-spacer-inner\"><\/div>\n\t\t<\/div>\n\t\t\t\t\t\t<\/div>\n\t\t\t\t<\/div>\n\t\t\t\t\t<\/div>\n\t\t<\/div>\n\t\t\t\t\t<\/div>\n\t\t<\/section>\n\t\t\t\t\t<\/div>\n\t\t<\/div>\n\t\t\t\t\t<\/div>\n\t\t<\/section>\n\t\t\t\t<\/div>","protected":false},"excerpt":{"rendered":"<p>POINT OF INTERESTS SPAIN, G\u00c1LDAR CANARY ISLAND MORE ABOUT T\u00dcRK\u0130YE, \u0130ZM\u0130R BERGAMA MORE ABOUT GERMANY, BERLIN WEDDING MORE ABOUT ITALY, SARDINIA ALTA MARMILLA MORE ABOUT<\/p>","protected":false},"author":3,"featured_media":0,"parent":0,"menu_order":0,"comment_status":"closed","ping_status":"closed","template":"","meta":{"site-sidebar-layout":"no-sidebar","site-content-layout":"page-builder","ast-site-content-layout":"default","site-content-style":"default","site-sidebar-style":"default","ast-global-header-display":"","ast-banner-title-visibility":"","ast-main-header-display":"","ast-hfb-above-header-display":"","ast-hfb-below-header-display":"","ast-hfb-mobile-header-display":"","site-post-title":"disabled","ast-breadcrumbs-content":"","ast-featured-img":"disabled","footer-sml-layout":"","ast-disable-related-posts":"","theme-transparent-header-meta":"enabled","adv-header-id-meta":"","stick-header-meta":"","header-above-stick-meta":"","header-main-stick-meta":"","header-below-stick-meta":"","astra-migrate-meta-layouts":"default","ast-page-background-enabled":"default","ast-page-background-meta":{"desktop":{"background-color":"","background-image":"","background-repeat":"repeat","background-position":"center center","background-size":"auto","background-attachment":"scroll","background-type":"","background-media":"","overlay-type":"","overlay-color":"","overlay-opacity":"","overlay-gradient":""},"tablet":{"background-color":"","background-image":"","background-repeat":"repeat","background-position":"center center","background-size":"auto","background-attachment":"scroll","background-type":"","background-media":"","overlay-type":"","overlay-color":"","overlay-opacity":"","overlay-gradient":""},"mobile":{"background-color":"","background-image":"","background-repeat":"repeat","background-position":"center center","background-size":"auto","background-attachment":"scroll","background-type":"","background-media":"","overlay-type":"","overlay-color":"","overlay-opacity":"","overlay-gradient":""}},"ast-content-background-meta":{"desktop":{"background-color":"var(--ast-global-color-5)","background-image":"","background-repeat":"repeat","background-position":"center center","background-size":"auto","background-attachment":"scroll","background-type":"","background-media":"","overlay-type":"","overlay-color":"","overlay-opacity":"","overlay-gradient":""},"tablet":{"background-color":"var(--ast-global-color-5)","background-image":"","background-repeat":"repeat","background-position":"center center","background-size":"auto","background-attachment":"scroll","background-type":"","background-media":"","overlay-type":"","overlay-color":"","overlay-opacity":"","overlay-gradient":""},"mobile":{"background-color":"var(--ast-global-color-5)","background-image":"","background-repeat":"repeat","background-position":"center center","background-size":"auto","background-attachment":"scroll","background-type":"","background-media":"","overlay-type":"","overlay-color":"","overlay-opacity":"","overlay-gradient":""}},"footnotes":""},"class_list":["post-2152","page","type-page","status-publish","hentry"],"_links":{"self":[{"href":"https:\/\/record-project.eu\/de\/wp-json\/wp\/v2\/pages\/2152","targetHints":{"allow":["GET"]}}],"collection":[{"href":"https:\/\/record-project.eu\/de\/wp-json\/wp\/v2\/pages"}],"about":[{"href":"https:\/\/record-project.eu\/de\/wp-json\/wp\/v2\/types\/page"}],"author":[{"embeddable":true,"href":"https:\/\/record-project.eu\/de\/wp-json\/wp\/v2\/users\/3"}],"replies":[{"embeddable":true,"href":"https:\/\/record-project.eu\/de\/wp-json\/wp\/v2\/comments?post=2152"}],"version-history":[{"count":58,"href":"https:\/\/record-project.eu\/de\/wp-json\/wp\/v2\/pages\/2152\/revisions"}],"predecessor-version":[{"id":2966,"href":"https:\/\/record-project.eu\/de\/wp-json\/wp\/v2\/pages\/2152\/revisions\/2966"}],"wp:attachment":[{"href":"https:\/\/record-project.eu\/de\/wp-json\/wp\/v2\/media?parent=2152"}],"curies":[{"name":"wp","href":"https:\/\/api.w.org\/{rel}","templated":true}]}}